{"id":3219,"date":"2020-11-23T16:12:46","date_gmt":"2020-11-23T16:12:46","guid":{"rendered":"http:\/\/chaskaocupi.com\/?page_id=3219"},"modified":"2021-03-03T17:29:49","modified_gmt":"2021-03-03T17:29:49","slug":"chaska-ocupi","status":"publish","type":"page","link":"https:\/\/chaskaocupi.com\/fr\/chaska-ocupi\/","title":{"rendered":"CHASKA OCUPI"},"content":{"rendered":"<p><span style=\"font-weight: 400;\">Chaska Ocupi, qui en langue quechua signifie \u00absous les \u00e9toiles\u00bb. nous offre l&rsquo;exp\u00e9rience de profiter de quelques jours de repos et de d\u00e9tente dans des tentes soigneusement pr\u00e9par\u00e9es pour le confort de nos h\u00f4tes.<\/span><\/p>\n<p><span style=\"font-weight: 400;\">\u00c0 une heure de la Cit\u00e9 Imp\u00e9riale de Cusco, au c\u0153ur de la Vall\u00e9e Sacr\u00e9e des Incas, nous trouvons le Glamping Chaska Ocupi, un lieu magique qui nous transportera dans les anciens temps des Andes, en pleine nature, parmi d&rsquo;imposants sommets qui semblent sculpt\u00e9s \u00e0 la main, sous un ciel azur et des fra\u00eeches brises glaciaires.<\/span><\/p>\n<p><span style=\"font-weight: 400;\">Notre camp est situ\u00e9 dans la ville d&rsquo;Urubamba, \u00e0 2870 m\u00e8tres d&rsquo;altitude, une petite ville qui, malgr\u00e9 le passage des si\u00e8cles, a conserv\u00e9 ce charme d&rsquo;antan, \u00e9tant toujours le lieu o\u00f9 les gens de tous les coins de la plan\u00e8te convergent, cr\u00e9ant ainsi une atmosph\u00e8re culturelle unique dans les Andes p\u00e9ruviennes.<\/span><\/p>\n<p><span style=\"font-weight: 400;\">Chaska Ocupi nous offre l&rsquo;exp\u00e9rience d\u00b4un camping en plein air qui en plus nous permet de profiter des diverses attractions de la Vall\u00e9e Sacr\u00e9e, telles que les sites arch\u00e9ologiques, les sports et treks d&rsquo;aventure, l&rsquo;\u00e9cologie, l&rsquo;histoire, la gastronomie, la culture, l&rsquo;art et les beaux paysages andins. Nous pouvons de m\u00eame avoir \u00e9galement la possibilit\u00e9 de visiter les communaut\u00e9s voisines et de cr\u00e9er des liens avec elles dans notre parcours pour construire ainsi une histoire unique.<\/span><\/p>\n<p><span style=\"font-weight: 400;\">L\u00b4hospitalit\u00e9 de notre \u00e9quipe humaine fera tout pour offrir \u00e0 chaque voyageur la meilleure exp\u00e9rience possible de confort et de proximit\u00e9 avec la nature ainsi qu\u00b4avec la culture andine, en pensant \u00e0 chaque d\u00e9tail pour toujours cr\u00e9er des situations sp\u00e9ciales.<\/span><\/p>\n","protected":false},"excerpt":{"rendered":"<p>Chaska Ocupi, qui en langue quechua signifie \u00absous les \u00e9toiles\u00bb. nous offre l&rsquo;exp\u00e9rience de profiter de quelques jours de repos et de d\u00e9tente dans des tentes soigneusement pr\u00e9par\u00e9es pour le confort de nos h\u00f4tes. \u00c0 une heure de la Cit\u00e9 Imp\u00e9riale de Cusco, au c\u0153ur de la Vall\u00e9e Sacr\u00e9e des Incas, nous trouvons le Glamping [&hellip;]<\/p>\n","protected":false},"author":159998512,"featured_media":0,"parent":0,"menu_order":0,"comment_status":"closed","ping_status":"closed","template":"","meta":[],"_links":{"self":[{"href":"https:\/\/chaskaocupi.com\/fr\/wp-json\/wp\/v2\/pages\/3219"}],"collection":[{"href":"https:\/\/chaskaocupi.com\/fr\/wp-json\/wp\/v2\/pages"}],"about":[{"href":"https:\/\/chaskaocupi.com\/fr\/wp-json\/wp\/v2\/types\/page"}],"author":[{"embeddable":true,"href":"https:\/\/chaskaocupi.com\/fr\/wp-json\/wp\/v2\/users\/159998512"}],"replies":[{"embeddable":true,"href":"https:\/\/chaskaocupi.com\/fr\/wp-json\/wp\/v2\/comments?post=3219"}],"version-history":[{"count":3,"href":"https:\/\/chaskaocupi.com\/fr\/wp-json\/wp\/v2\/pages\/3219\/revisions"}],"predecessor-version":[{"id":3567,"href":"https:\/\/chaskaocupi.com\/fr\/wp-json\/wp\/v2\/pages\/3219\/revisions\/3567"}],"wp:attachment":[{"href":"https:\/\/chaskaocupi.com\/fr\/wp-json\/wp\/v2\/media?parent=3219"}],"curies":[{"name":"wp","href":"https:\/\/api.w.org\/{rel}","templated":true}]}}