{"id":3223,"date":"2020-11-23T16:15:02","date_gmt":"2020-11-23T16:15:02","guid":{"rendered":"http:\/\/chaskaocupi.com\/?page_id=3223"},"modified":"2021-03-03T17:29:42","modified_gmt":"2021-03-03T17:29:42","slug":"quest-ce-quun-glamping","status":"publish","type":"page","link":"https:\/\/chaskaocupi.com\/fr\/quest-ce-quun-glamping\/","title":{"rendered":"QU&rsquo;EST-CE QU&rsquo;UN GLAMPING?"},"content":{"rendered":"<p><span style=\"font-weight: 400;\">Le terme glamping a \u00e9t\u00e9 invent\u00e9 \u00e0 la fin du XIXe si\u00e8cle par des explorateurs britanniques tels que Gordon Laing, Verney Cameron et David Livingstone, qui ont ouvert les portes du tourisme sur le continent africain.<\/span><\/p>\n<p><span style=\"font-weight: 400;\">Glamping nait de la conjonction des mots \u00ab\u00a0camping\u00a0\u00bb et \u00ab\u00a0glamour \u00ab\u00a0, cependant, les origines du glamping remontent aux rois et aux royaumes du si\u00e8cle dernier, o\u00f9 apparait le besoin de voyager, soit pour visiter des r\u00e9gions sous leur administration, soit pour conqu\u00e9rir des nouvelles terres ou diriger des arm\u00e9es.<\/span><\/p>\n<p><span style=\"font-weight: 400;\">Vers 200 avant JC, les Ottomans utilisaient d\u00e9j\u00e0 des tentes pour d\u00b4importantes c\u00e9r\u00e9monies culturelles. Les premi\u00e8res tentes transportables furent ainsi construites pour le confort du sultan lors de ses voyages.<\/span><\/p>\n<p><span style=\"font-weight: 400;\">La tente du roi \u00e9tait transportable dans son int\u00e9gralit\u00e9 et transport\u00e9e \u00e1 dos d\u00b4animal de charge jusqu&rsquo;\u00e0 la prochaine destination, avec tout le confort et les attractions du palais lui-m\u00eame.<\/span><\/p>\n<p><span style=\"font-weight: 400;\">Les soieries, les broderies, les tapis et les meubles pr\u00e9cieux sont des contributions ottomanes au concept de glamping que nous connaissons aujourd&rsquo;hui.<\/span><\/p>\n<p><span style=\"font-weight: 400;\">Le glamping est ainsi une variante du tourisme de nature qui offre au voyageur un contact direct avec l&rsquo;environnement, sans nier le confort et le bien-\u00eatre des meilleurs h\u00f4tels.<\/span><\/p>\n","protected":false},"excerpt":{"rendered":"<p>Le terme glamping a \u00e9t\u00e9 invent\u00e9 \u00e0 la fin du XIXe si\u00e8cle par des explorateurs britanniques tels que Gordon Laing, Verney Cameron et David Livingstone, qui ont ouvert les portes du tourisme sur le continent africain. Glamping nait de la conjonction des mots \u00ab\u00a0camping\u00a0\u00bb et \u00ab\u00a0glamour \u00ab\u00a0, cependant, les origines du glamping remontent aux rois [&hellip;]<\/p>\n","protected":false},"author":159998512,"featured_media":0,"parent":0,"menu_order":0,"comment_status":"closed","ping_status":"closed","template":"","meta":[],"_links":{"self":[{"href":"https:\/\/chaskaocupi.com\/fr\/wp-json\/wp\/v2\/pages\/3223"}],"collection":[{"href":"https:\/\/chaskaocupi.com\/fr\/wp-json\/wp\/v2\/pages"}],"about":[{"href":"https:\/\/chaskaocupi.com\/fr\/wp-json\/wp\/v2\/types\/page"}],"author":[{"embeddable":true,"href":"https:\/\/chaskaocupi.com\/fr\/wp-json\/wp\/v2\/users\/159998512"}],"replies":[{"embeddable":true,"href":"https:\/\/chaskaocupi.com\/fr\/wp-json\/wp\/v2\/comments?post=3223"}],"version-history":[{"count":6,"href":"https:\/\/chaskaocupi.com\/fr\/wp-json\/wp\/v2\/pages\/3223\/revisions"}],"predecessor-version":[{"id":3865,"href":"https:\/\/chaskaocupi.com\/fr\/wp-json\/wp\/v2\/pages\/3223\/revisions\/3865"}],"wp:attachment":[{"href":"https:\/\/chaskaocupi.com\/fr\/wp-json\/wp\/v2\/media?parent=3223"}],"curies":[{"name":"wp","href":"https:\/\/api.w.org\/{rel}","templated":true}]}}