{"id":3270,"date":"2020-11-24T15:37:17","date_gmt":"2020-11-24T15:37:17","guid":{"rendered":"http:\/\/chaskaocupi.com\/?page_id=3270"},"modified":"2020-11-24T15:37:17","modified_gmt":"2020-11-24T15:37:17","slug":"urubamba","status":"publish","type":"page","link":"https:\/\/chaskaocupi.com\/fr\/urubamba\/","title":{"rendered":"Urubamba"},"content":{"rendered":"<section  class='av_textblock_section av-khw56qxk-969ef546dcde090a8ce42ad5b1638dbf'  itemscope=\"itemscope\" itemtype=\"https:\/\/schema.org\/CreativeWork\" ><div class='avia_textblock'  itemprop=\"text\" ><p><span style=\"font-weight: 400;\">La belle province d&rsquo;Urubamba est situ\u00e9e \u00e0 78 km au nord-est de Cusco et est travers\u00e9e par la rivi\u00e8re Urubamba. Urubamba signifie \u00abpampa d\u00b4un jour de marche\u00bb, \u00e9tant donn\u00e9 qu&rsquo;Urubamba \u00e9tait l&rsquo;une des principales zones de production agricole sous l&#8217;empire des Incas. De m\u00eame, Urubamba \u00e9tait l&rsquo;entr\u00e9e de la jungle, connue sous le nom d&rsquo;Antisuyo, le pays des \u00abChunchos\u00bb. La rivi\u00e8re Urubamba s&rsquo;appelait Willka Mayu ou rivi\u00e8re sacr\u00e9e et \u00e9tait-elle sacr\u00e9e pour les Incas; car elle a donn\u00e9 forme \u00e0 une vall\u00e9e o\u00f9 se trouvaient certaines des plus \u00e9tonnantes villes de l&#8217;empire inca; comme le Machu Picchu, Ollantaytambo, Pisac, Choquequirao, entre autres. Peut-\u00eatre que certaines des plus grandes attractions d&rsquo;Urubamba sont ses impressionnants paysages et le m\u00e9lange de personnes du monde entier venant vivre dans cette petite ville andine. La Place des armes d&rsquo;Urubamba est encadr\u00e9e par d&rsquo;\u00e9normes arbres Pisonay et par une belle \u00e9glise coloniale avec des tours jumelles, l&rsquo;\u00e9glise Santiago Ap\u00f3stol a \u00e9t\u00e9 construite entre 1649 et 1686 et abrite de belles \u0153uvres d&rsquo;art colonial.\u00a0<\/span><\/p>\n<p><span style=\"font-weight: 400;\">Urubamba est par son climat l&rsquo;un des endroits les plus productifs du pays, le territoire produit le meilleur ma\u00efs blanc du monde et par temps pluvieux, vous pouvez trouver des fruits originaires de la vall\u00e9e, tels que pacay, capul\u00ed, p\u00eaches, coings et d\u00e9licieuses fraises; dont la grande majorit\u00e9 provient de fermes biologiques, sans oublier le march\u00e9 d&rsquo;Urubamba, o\u00f9 l&rsquo;on trouvera divers produits des agriculteurs locaux.<\/span><\/p>\n<p><span style=\"font-weight: 400;\">Nous avons aussi la ville de Yucay, qui est situ\u00e9e au sud d&rsquo;Urubamba, qui est une ville calme et agr\u00e9able avec l&rsquo;un des meilleurs climats de la Vall\u00e9e Sacr\u00e9e.<\/span><\/p>\n<p><span style=\"font-weight: 400;\">Il a des paysages magnifiques et exub\u00e9rants, c&rsquo;est la terre que les Espagnols ont donn\u00e9e au tra\u00eetre de l&#8217;empire inca Sayri T\u00fapac, et dans laquelle vous pouvez encore voir le palais qu&rsquo;il a construit sur les terres qu&rsquo;ils lui ont donn\u00e9es.<\/span><\/p>\n<p><span style=\"font-weight: 400;\">Sur la Place des Armes de Yucay, vous pouvez voir les fondations incas tout autour. La ville de Yucay abrite \u00e9galement certaines des plus belles terrasses agricoles construites par les Incas, ces terrasses sont situ\u00e9es sur les pentes des montagnes qui entourent la ville.<\/span><\/p>\n<div class=\"wp-block-image\">\n<figure class=\"aligncenter size-large\"><img decoding=\"async\" loading=\"lazy\" width=\"1440\" height=\"750\" class=\"wp-image-609\" src=\"http:\/\/chaskaocupi.com\/wp-content\/uploads\/2019\/08\/01-valle-sagrado-mirador.jpg\" alt=\"\" srcset=\"https:\/\/chaskaocupi.com\/wp-content\/uploads\/2019\/08\/01-valle-sagrado-mirador.jpg 1440w, https:\/\/chaskaocupi.com\/wp-content\/uploads\/2019\/08\/01-valle-sagrado-mirador-300x156.jpg 300w, https:\/\/chaskaocupi.com\/wp-content\/uploads\/2019\/08\/01-valle-sagrado-mirador-1030x536.jpg 1030w, https:\/\/chaskaocupi.com\/wp-content\/uploads\/2019\/08\/01-valle-sagrado-mirador-768x400.jpg 768w, https:\/\/chaskaocupi.com\/wp-content\/uploads\/2019\/08\/01-valle-sagrado-mirador-705x367.jpg 705w\" sizes=\"(max-width: 1440px) 100vw, 1440px\" \/><\/figure>\n<\/div>\n<\/div><\/section>","protected":false},"excerpt":{"rendered":"","protected":false},"author":159998512,"featured_media":0,"parent":0,"menu_order":0,"comment_status":"closed","ping_status":"closed","template":"","meta":[],"_links":{"self":[{"href":"https:\/\/chaskaocupi.com\/fr\/wp-json\/wp\/v2\/pages\/3270"}],"collection":[{"href":"https:\/\/chaskaocupi.com\/fr\/wp-json\/wp\/v2\/pages"}],"about":[{"href":"https:\/\/chaskaocupi.com\/fr\/wp-json\/wp\/v2\/types\/page"}],"author":[{"embeddable":true,"href":"https:\/\/chaskaocupi.com\/fr\/wp-json\/wp\/v2\/users\/159998512"}],"replies":[{"embeddable":true,"href":"https:\/\/chaskaocupi.com\/fr\/wp-json\/wp\/v2\/comments?post=3270"}],"version-history":[{"count":4,"href":"https:\/\/chaskaocupi.com\/fr\/wp-json\/wp\/v2\/pages\/3270\/revisions"}],"predecessor-version":[{"id":3274,"href":"https:\/\/chaskaocupi.com\/fr\/wp-json\/wp\/v2\/pages\/3270\/revisions\/3274"}],"wp:attachment":[{"href":"https:\/\/chaskaocupi.com\/fr\/wp-json\/wp\/v2\/media?parent=3270"}],"curies":[{"name":"wp","href":"https:\/\/api.w.org\/{rel}","templated":true}]}}