{"id":3276,"date":"2020-11-24T15:41:00","date_gmt":"2020-11-24T15:41:00","guid":{"rendered":"http:\/\/chaskaocupi.com\/?page_id=3276"},"modified":"2020-11-24T15:41:00","modified_gmt":"2020-11-24T15:41:00","slug":"huayna-picchu","status":"publish","type":"page","link":"https:\/\/chaskaocupi.com\/fr\/huayna-picchu\/","title":{"rendered":"Huayna Picchu"},"content":{"rendered":"<section  class='av_textblock_section av-khw5bmm5-5d2fe654ca81556989fe828ed7ac5c24'  itemscope=\"itemscope\" itemtype=\"https:\/\/schema.org\/CreativeWork\" ><div class='avia_textblock'  itemprop=\"text\" ><p><span style=\"font-weight: 400;\">La montagne Huayna Picchu, fait partie des contreforts orientaux du massif du Salkantay, \u00e0 Cusco, au P\u00e9rou.<\/span><\/p>\n<p><span style=\"font-weight: 400;\">Il fait partie d&rsquo;une grande formation orographique connue sous le nom de Batolito de Vilcabamba, dans la cordill\u00e8re centrale des Andes p\u00e9ruviennes et est principalement connue pour \u00eatre \u00ab\u00a0l\u00b4\u00e9cran\u00a0de fond\u00a0\u00bb de la plupart des photos panoramiques du site arch\u00e9ologique inca de Machu Picchu, cependant, il abrite \u00e9galement d&rsquo;importants vestiges arch\u00e9ologiques li\u00e9s au c\u00e9l\u00e8bre complexe inca.<\/span><\/p>\n<p><span style=\"font-weight: 400;\">Afin d&rsquo;\u00e9viter toute confusion, il faut tenir compte du fait que Machu Picchu en quechua signifie ancienne montagne, tandis que Huayna Picchu signifie jeune montagne, c&rsquo;est donc une analogie entre l\u00b4homme \u00e2g\u00e9 et l\u00b4homme jeune.<\/span><\/p>\n<p><span style=\"font-weight: 400;\">Ainsi, Huayna Picchu est la plus petite montagne et la plus grande montagne est Machu Picchu, qui donne son nom \u00e0 la vall\u00e9e et \u00e0 la citadelle.<\/span><\/p>\n<div class=\"wp-block-image\">\n<figure class=\"aligncenter size-large\"><img decoding=\"async\" loading=\"lazy\" width=\"1150\" height=\"863\" class=\"wp-image-585\" src=\"http:\/\/chaskaocupi.com\/wp-content\/uploads\/2019\/08\/huaynapicchu-machupicchu.jpg\" alt=\"\" srcset=\"https:\/\/chaskaocupi.com\/wp-content\/uploads\/2019\/08\/huaynapicchu-machupicchu.jpg 1150w, https:\/\/chaskaocupi.com\/wp-content\/uploads\/2019\/08\/huaynapicchu-machupicchu-300x225.jpg 300w, https:\/\/chaskaocupi.com\/wp-content\/uploads\/2019\/08\/huaynapicchu-machupicchu-1030x773.jpg 1030w, https:\/\/chaskaocupi.com\/wp-content\/uploads\/2019\/08\/huaynapicchu-machupicchu-768x576.jpg 768w, https:\/\/chaskaocupi.com\/wp-content\/uploads\/2019\/08\/huaynapicchu-machupicchu-705x529.jpg 705w\" sizes=\"(max-width: 1150px) 100vw, 1150px\" \/><\/figure>\n<\/div>\n<p><span style=\"font-weight: 400;\">Une route, qui commence \u00e0 l&rsquo;extr\u00e9mit\u00e9 nord du Machu Picchu, traverse le cou \u00e9troit de terre qui relie les montagnes Machu Picchu et Huayna Picchu, puis la route monte vers le sommet par un chemin tr\u00e8s raide et \u00e9troit, comprenant plusieurs sections avec des escaliers sculpt\u00e9s directement dans la roche au bord m\u00eame d\u00b4une paroi rocheuse verticale.<\/span><\/p>\n<p><span style=\"font-weight: 400;\">\u00c0 la fin, et couronnant Huayna Picchu, il y a quelques constructions mineures, y compris une porte et une grande pierre sculpt\u00e9e comme un tr\u00f4ne connu sous le nom de \u00abchaise inca\u00bb. Mais le plus int\u00e9ressant c\u00b4est la vue du site arch\u00e9ologique de Machu Picchu et de la rivi\u00e8re Urubamba au fond du canyon, dont les eaux turbulentes peuvent \u00eatre entendues jusqu\u00b4au sommet.<\/span><\/p>\n<p><span style=\"font-weight: 400;\">Une autre route m\u00e8ne vers l&rsquo;arri\u00e8re de la montagne o\u00f9 se trouve un des complexes de construction souterraine parmi les plus remarquables de la r\u00e9gion, comprenant plusieurs grottes, dont certaines ont \u00e9t\u00e9 bord\u00e9es de blocs de pierre fine sculpt\u00e9s pour \u00e9pouser parfaitement les contours irr\u00e9guliers des grands affleurements rocheux qui servent de toit.<\/span><\/p>\n<p><span style=\"font-weight: 400;\">Les murs, de nature clairement ornementale, comprennent de fausses portes et des niches trap\u00e9zo\u00efdales \u00e0 double et triple montant, bien que leur fonction sp\u00e9cifique soit inconnue, il est clair qu&rsquo;il s&rsquo;agit d&rsquo;un ensemble de constructions de grande importance en raison de la qualit\u00e9 de construction, on pense qu\u00b4il aurait pu se pr\u00eater des usages fun\u00e9raires et que toutes les tombes ont \u00e9t\u00e9 pill\u00e9es \u00e0 un moment de l&rsquo;histoire de la r\u00e9gion.<\/span><\/p>\n<p><span style=\"font-weight: 400;\">S&rsquo;y rendre prend environ une heure et demie de marche depuis le site de Machu Picchu et \u00e0 partir de l\u00e0, un autre chemin possible commence \u00e0 descendre vers la rivi\u00e8re Urubamba.<\/span><\/p>\n<div class=\"wp-block-image\">\n<figure class=\"aligncenter size-large\"><img decoding=\"async\" loading=\"lazy\" width=\"662\" height=\"400\" class=\"wp-image-586\" src=\"http:\/\/chaskaocupi.com\/wp-content\/uploads\/2019\/08\/huayna-picchu-zoom.png\" alt=\"\" srcset=\"https:\/\/chaskaocupi.com\/wp-content\/uploads\/2019\/08\/huayna-picchu-zoom.png 662w, https:\/\/chaskaocupi.com\/wp-content\/uploads\/2019\/08\/huayna-picchu-zoom-300x181.png 300w\" sizes=\"(max-width: 662px) 100vw, 662px\" \/><\/figure>\n<\/div>\n<\/div><\/section>","protected":false},"excerpt":{"rendered":"","protected":false},"author":159998512,"featured_media":0,"parent":0,"menu_order":0,"comment_status":"closed","ping_status":"closed","template":"","meta":[],"_links":{"self":[{"href":"https:\/\/chaskaocupi.com\/fr\/wp-json\/wp\/v2\/pages\/3276"}],"collection":[{"href":"https:\/\/chaskaocupi.com\/fr\/wp-json\/wp\/v2\/pages"}],"about":[{"href":"https:\/\/chaskaocupi.com\/fr\/wp-json\/wp\/v2\/types\/page"}],"author":[{"embeddable":true,"href":"https:\/\/chaskaocupi.com\/fr\/wp-json\/wp\/v2\/users\/159998512"}],"replies":[{"embeddable":true,"href":"https:\/\/chaskaocupi.com\/fr\/wp-json\/wp\/v2\/comments?post=3276"}],"version-history":[{"count":4,"href":"https:\/\/chaskaocupi.com\/fr\/wp-json\/wp\/v2\/pages\/3276\/revisions"}],"predecessor-version":[{"id":3280,"href":"https:\/\/chaskaocupi.com\/fr\/wp-json\/wp\/v2\/pages\/3276\/revisions\/3280"}],"wp:attachment":[{"href":"https:\/\/chaskaocupi.com\/fr\/wp-json\/wp\/v2\/media?parent=3276"}],"curies":[{"name":"wp","href":"https:\/\/api.w.org\/{rel}","templated":true}]}}