{"id":3283,"date":"2020-11-24T15:45:41","date_gmt":"2020-11-24T15:45:41","guid":{"rendered":"http:\/\/chaskaocupi.com\/?page_id=3283"},"modified":"2020-11-24T15:45:41","modified_gmt":"2020-11-24T15:45:41","slug":"machu-picchu","status":"publish","type":"page","link":"https:\/\/chaskaocupi.com\/fr\/machu-picchu\/","title":{"rendered":"Machu Picchu"},"content":{"rendered":"<section  class='av_textblock_section av-khw4gl9g-cd7da62838e569463daebbbb5d12b997'  itemscope=\"itemscope\" itemtype=\"https:\/\/schema.org\/CreativeWork\" ><div class='avia_textblock'  itemprop=\"text\" ><p><span style=\"font-weight: 400;\">L\u00b4aire construite du Machu Picchu comprend environ 530 m\u00e8tres de long et 200 m\u00e8tres de large et rassemble au moins 172 batisses. Le complexe est clairement divis\u00e9 en deux grandes zones: la zone agricole, form\u00e9e par des ensembles de terrasses de culture, qui est situ\u00e9e \u00e0 c\u00f4t\u00e9 de Sud; et la zone urbaine, qui est celle o\u00f9 vivaient ses occupants et o\u00f9 se d\u00e9roulaient les principales activit\u00e9s civiles et religieuses.<\/span><\/p>\n<p><span style=\"font-weight: 400;\">Dans la zone agricole, les plates-formes (terrasses de culture) du Machu Picchu ressemblent \u00e0 de grandes marches construites \u00e0 flanc de colline. Ce sont des structures form\u00e9es par un mur de pierre et un remplissage de diff\u00e9rentes couches de mat\u00e9riaux (grosses pierres, pierres plus petites, gravier, argile et terres agricoles) qui facilitent le drainage, emp\u00eachant l&rsquo;eau de s&rsquo;y accumuler et leur structure de s&rsquo;effondrer.<\/span><\/p>\n<div class=\"wp-block-image\">\n<figure class=\"aligncenter size-large\"><img decoding=\"async\" loading=\"lazy\" width=\"1680\" height=\"945\" class=\"wp-image-577\" src=\"http:\/\/chaskaocupi.com\/wp-content\/uploads\/2019\/08\/ee4b8ab9e744fdb1c553c660cb432cd0.jpg\" alt=\"\" srcset=\"https:\/\/chaskaocupi.com\/wp-content\/uploads\/2019\/08\/ee4b8ab9e744fdb1c553c660cb432cd0.jpg 1680w, https:\/\/chaskaocupi.com\/wp-content\/uploads\/2019\/08\/ee4b8ab9e744fdb1c553c660cb432cd0-300x169.jpg 300w, https:\/\/chaskaocupi.com\/wp-content\/uploads\/2019\/08\/ee4b8ab9e744fdb1c553c660cb432cd0-1030x579.jpg 1030w, https:\/\/chaskaocupi.com\/wp-content\/uploads\/2019\/08\/ee4b8ab9e744fdb1c553c660cb432cd0-768x432.jpg 768w, https:\/\/chaskaocupi.com\/wp-content\/uploads\/2019\/08\/ee4b8ab9e744fdb1c553c660cb432cd0-1536x864.jpg 1536w, https:\/\/chaskaocupi.com\/wp-content\/uploads\/2019\/08\/ee4b8ab9e744fdb1c553c660cb432cd0-1500x844.jpg 1500w, https:\/\/chaskaocupi.com\/wp-content\/uploads\/2019\/08\/ee4b8ab9e744fdb1c553c660cb432cd0-705x397.jpg 705w\" sizes=\"(max-width: 1680px) 100vw, 1680px\" \/><\/figure>\n<\/div>\n<p><span style=\"font-weight: 400;\">Ce type de construction a permis de la cultiver sur eux jusqu&rsquo;\u00e0 la premi\u00e8re d\u00e9cennie du XXe si\u00e8cle, d&rsquo;autres plates-formes plus petites se trouvent dans la partie inf\u00e9rieure du Machu Picchu, autour de toute la ville, leur fonction \u00e9tant de servir de terrasses de sout\u00e8nement.<\/span><\/p>\n<p><span style=\"font-weight: 400;\">Dans la zone urbaine, un mur d&rsquo;environ 400 m\u00e8tres de long divise le ville de la zone agricole, parall\u00e8lement au mur court un foss\u00e9 servant de drainage principal de la ville de Machu Picchu, en tant que partie int\u00e9grante d&rsquo;une r\u00e9gion de grand mouvement \u00e9conomique \u00e0 l&rsquo;\u00e9poque de Pachac\u00fatec, et qui a \u00e9t\u00e9 int\u00e9gr\u00e9 au r\u00e9seau des routes incas du Tawantinsuyo. En utilisant ces routes, il est encore possible, aujourd&rsquo;hui, d&rsquo;acc\u00e9der \u00e0 d&rsquo;autres int\u00e9ressants complexes incas \u00e0 proximit\u00e9.<\/span><\/p>\n<p><span style=\"font-weight: 400;\">Il a \u00e9t\u00e9 d\u00e9clar\u00e9 sanctuaire historique p\u00e9ruvien en 1981 et il est inscrit sur la liste du patrimoine mondial de l&rsquo;Unesco depuis 1983, comme partie int\u00e9grante d&rsquo;un ensemble culturel et \u00e9cologique connu sous le nom de Sanctuaire Historique de Machu Picchu.<\/span><\/p>\n<figure class=\"wp-block-image size-large\"><img decoding=\"async\" loading=\"lazy\" width=\"1200\" height=\"800\" class=\"wp-image-578\" src=\"http:\/\/chaskaocupi.com\/wp-content\/uploads\/2019\/08\/machu-picchu-nubes.jpg\" alt=\"\" srcset=\"https:\/\/chaskaocupi.com\/wp-content\/uploads\/2019\/08\/machu-picchu-nubes.jpg 1200w, https:\/\/chaskaocupi.com\/wp-content\/uploads\/2019\/08\/machu-picchu-nubes-300x200.jpg 300w, https:\/\/chaskaocupi.com\/wp-content\/uploads\/2019\/08\/machu-picchu-nubes-1030x687.jpg 1030w, https:\/\/chaskaocupi.com\/wp-content\/uploads\/2019\/08\/machu-picchu-nubes-768x512.jpg 768w, https:\/\/chaskaocupi.com\/wp-content\/uploads\/2019\/08\/machu-picchu-nubes-705x470.jpg 705w\" sizes=\"(max-width: 1200px) 100vw, 1200px\" \/><\/figure>\n<p><span style=\"font-weight: 400;\">Le 7 juillet 2007, Machu Picchu a \u00e9t\u00e9 d\u00e9clar\u00e9 l&rsquo;une des sept nouvelles merveilles du monde moderne lors d&rsquo;une c\u00e9r\u00e9monie tenue \u00e0 Lisbonne &#8211; Portugal.\u00a0<\/span><\/p>\n<p><span style=\"font-weight: 400;\">Les montagnes Machu Picchu et Huayna Picchu font partie d&rsquo;une grande formation orographique connue sous le nom de batholite de Vilcabamba, dans la Cordill\u00e8re centrale des Andes p\u00e9ruviennes, et elles sont situ\u00e9es sur la rive gauche du canyon d\u00b4Urubamba, anciennement connu sous le nom de Quebrada de Picchu, aux pieds des collines, les contournant, coule la rivi\u00e8re Vilcanota-Urubamba.<\/span><\/p>\n<p><span style=\"font-weight: 400;\">Le site arch\u00e9ologique inca est situ\u00e9 \u00e0 mi-chemin entre les sommets de deux montagnes, \u00e0 450 m\u00e8tres au-dessus du niveau de la vall\u00e9e et 2438 m\u00e8tres au-dessus du niveau de la mer.<\/span><\/p>\n<p><span style=\"font-weight: 400;\">Le parc fait partie du Syst\u00e8me National de Zones Naturelles prot\u00e9g\u00e9 par l&rsquo;\u00c9tat, appel\u00e9 le Sanctuaire historique de Machu Picchu, qui s&rsquo;\u00e9tend sur une superficie de 32 592 hectares.<\/span><\/p>\n<p><span style=\"font-weight: 400;\">Le sanctuaire historique prot\u00e8ge une s\u00e9rie d&rsquo;esp\u00e8ces biologiques en danger d&rsquo;extinction et plusieurs constructions incas, parmi lesquels Machu Picchu, qui est consid\u00e9r\u00e9 comme le plus important.<\/span><\/p>\n<div class=\"wp-block-image\">\n<figure class=\"aligncenter size-large\"><img decoding=\"async\" loading=\"lazy\" width=\"1214\" height=\"697\" class=\"wp-image-579\" src=\"http:\/\/chaskaocupi.com\/wp-content\/uploads\/2019\/08\/5be1b3831423a.jpeg\" alt=\"\" srcset=\"https:\/\/chaskaocupi.com\/wp-content\/uploads\/2019\/08\/5be1b3831423a.jpeg 1214w, https:\/\/chaskaocupi.com\/wp-content\/uploads\/2019\/08\/5be1b3831423a-300x172.jpeg 300w, https:\/\/chaskaocupi.com\/wp-content\/uploads\/2019\/08\/5be1b3831423a-1030x591.jpeg 1030w, https:\/\/chaskaocupi.com\/wp-content\/uploads\/2019\/08\/5be1b3831423a-768x441.jpeg 768w, https:\/\/chaskaocupi.com\/wp-content\/uploads\/2019\/08\/5be1b3831423a-705x405.jpeg 705w\" sizes=\"(max-width: 1214px) 100vw, 1214px\" \/><\/figure>\n<\/div>\n<\/div><\/section>","protected":false},"excerpt":{"rendered":"","protected":false},"author":159998512,"featured_media":0,"parent":0,"menu_order":0,"comment_status":"closed","ping_status":"closed","template":"","meta":[],"_links":{"self":[{"href":"https:\/\/chaskaocupi.com\/fr\/wp-json\/wp\/v2\/pages\/3283"}],"collection":[{"href":"https:\/\/chaskaocupi.com\/fr\/wp-json\/wp\/v2\/pages"}],"about":[{"href":"https:\/\/chaskaocupi.com\/fr\/wp-json\/wp\/v2\/types\/page"}],"author":[{"embeddable":true,"href":"https:\/\/chaskaocupi.com\/fr\/wp-json\/wp\/v2\/users\/159998512"}],"replies":[{"embeddable":true,"href":"https:\/\/chaskaocupi.com\/fr\/wp-json\/wp\/v2\/comments?post=3283"}],"version-history":[{"count":4,"href":"https:\/\/chaskaocupi.com\/fr\/wp-json\/wp\/v2\/pages\/3283\/revisions"}],"predecessor-version":[{"id":3287,"href":"https:\/\/chaskaocupi.com\/fr\/wp-json\/wp\/v2\/pages\/3283\/revisions\/3287"}],"wp:attachment":[{"href":"https:\/\/chaskaocupi.com\/fr\/wp-json\/wp\/v2\/media?parent=3283"}],"curies":[{"name":"wp","href":"https:\/\/api.w.org\/{rel}","templated":true}]}}