{"id":3289,"date":"2020-11-24T15:48:04","date_gmt":"2020-11-24T15:48:04","guid":{"rendered":"http:\/\/chaskaocupi.com\/?page_id=3289"},"modified":"2020-11-24T15:48:04","modified_gmt":"2020-11-24T15:48:04","slug":"maras","status":"publish","type":"page","link":"https:\/\/chaskaocupi.com\/fr\/maras\/","title":{"rendered":"Maras"},"content":{"rendered":"<section  class='av_textblock_section av-khw4d1s7-f69bf4ea949159a28463ce30535214ab'  itemscope=\"itemscope\" itemtype=\"https:\/\/schema.org\/CreativeWork\" ><div class='avia_textblock'  itemprop=\"text\" ><p><span style=\"font-weight: 400;\">Maras est une petite ville situ\u00e9e \u00e0 l&rsquo;ouest de Cusco, \u00e0 3300 m\u00e8tres d&rsquo;altitude, sur un plateau o\u00f9 l&rsquo;on pouvait autrefois voir diff\u00e9rentes montagnes enneig\u00e9es.<\/span><\/p>\n<p><span style=\"font-weight: 400;\">La ville a \u00e9t\u00e9 fond\u00e9e \u00e0 l&rsquo;\u00e9poque coloniale par Pedro Ortiz de Oru\u00e9, occup\u00e9e lorsque les citoyens de Cuzco se sont retir\u00e9s des palais incas, migrant vers d&rsquo;autres petites villes telles que Mara et Sebasti\u00e1n le sont maintenant.<\/span><\/p>\n<p><span style=\"font-weight: 400;\">Dans le pass\u00e9, Maras \u00e9tait une ville \u00e0 tel point importante, qu&rsquo;elle a \u00e9t\u00e9 d\u00e9clar\u00e9e \u00ab\u00a0Villa de San Francisco de As\u00eds\u00a0\u00bb. Cependant aujourd&rsquo;hui, c&rsquo;est une ville isol\u00e9e et qui manque de modernit\u00e9.<\/span><\/p>\n<p><span style=\"font-weight: 400;\">Sur la place principale de la ville, il y a un monument de statues repr\u00e9sentant un couple de paysans et un mulet.\u00a0 Le socle du monument contient des images des trois principales attractions touristiques de la communaut\u00e9: les ruines de Moray, l&rsquo;\u00e9glise coloniale <\/span><span style=\"font-weight: 400;\">de San Francisco et des mines de sel de Maras.<\/span><\/p>\n<p><span style=\"font-weight: 400;\">Dans la ville, nous trouverons le sanctuaire de Tiobamba, une \u00e9glise coloniale en adobe avec une architecture religieuse typique o\u00f9 vous pouvez trouver des peintures de l\u00b4\u00e9cole de Cusco,\u00a0 qui repr\u00e9sentent la derni\u00e8re C\u00e8ne, J\u00e9sus et les ap\u00f4tres.<\/span><\/p>\n<p><span style=\"font-weight: 400;\">Comme Maras est une ville sans beaucoup de revenus, il y a des institutions et des \u00e9coles comme San Silvestre qui restaurent l&rsquo;\u00e9glise afin de la rendre meilleure attraction touristique et ainsi participer du d\u00e9veloppement de la ville.<\/span><\/p>\n<p><span style=\"font-weight: 400;\">7 km \u00e0 l&rsquo;ouest de la communaut\u00e9 se trouvent le centre de Recherche agricole de Moray, site arqu\u00e9ologique inca. Et vers le nord-ouest de cette ville se trouvent \u00ab\u00a0les mines de sel de Maras\u00a0\u00bb, tr\u00e8s connues pour la beaut\u00e9 des lieux.<\/span><\/p>\n<p><span style=\"font-weight: 400;\">Vous pouvez vous rendre \u00e0 pied par un sentier \u00e9questre, ou vous pouvez \u00e9galement acc\u00e9der en voiture par une route non goudronn\u00e9e.<\/span><\/p>\n<p><span style=\"font-weight: 400;\">Ces mines de sel forment environ 3000 petites cuves d&rsquo;une superficie d&rsquo;environ 5 m\u00b2 chacune. Elles sont remplis d&rsquo;eau sal\u00e9e provenant d&rsquo;une source naturelle situ\u00e9e sur la partie sup\u00e9rieure, et lorsque l&rsquo;eau s&rsquo;\u00e9vapore, en p\u00e9riode de s\u00e9cheresse, le sel se cristallise. Lorsque la cristallisation atteint environ 10 cm de hauteur, elle est r\u00e9colt\u00e9e puis mises dans des sacs en tissu pour \u00eatre envoy\u00e9 aux march\u00e9s de la r\u00e9gion.<\/span><\/p>\n<p><span style=\"font-weight: 400;\">Ce sel, en plus du chlorure de sodium, est tr\u00e8s riche en min\u00e9raux comme le calcium, le fer, le magn\u00e9sium, le zinc et le cuivre.<\/span><\/p>\n<div class=\"wp-block-image\">\n<figure class=\"aligncenter size-large\"><img decoding=\"async\" loading=\"lazy\" width=\"800\" height=\"357\" class=\"wp-image-601\" src=\"http:\/\/chaskaocupi.com\/wp-content\/uploads\/2019\/08\/salineras_de_maras_maras_perc3ba_2015-07-30_dd_17.jpg\" alt=\"\" srcset=\"https:\/\/chaskaocupi.com\/wp-content\/uploads\/2019\/08\/salineras_de_maras_maras_perc3ba_2015-07-30_dd_17.jpg 800w, https:\/\/chaskaocupi.com\/wp-content\/uploads\/2019\/08\/salineras_de_maras_maras_perc3ba_2015-07-30_dd_17-300x134.jpg 300w, https:\/\/chaskaocupi.com\/wp-content\/uploads\/2019\/08\/salineras_de_maras_maras_perc3ba_2015-07-30_dd_17-768x343.jpg 768w, https:\/\/chaskaocupi.com\/wp-content\/uploads\/2019\/08\/salineras_de_maras_maras_perc3ba_2015-07-30_dd_17-705x315.jpg 705w\" sizes=\"(max-width: 800px) 100vw, 800px\" \/><\/figure>\n<\/div>\n<\/div><\/section>","protected":false},"excerpt":{"rendered":"","protected":false},"author":159998512,"featured_media":0,"parent":0,"menu_order":0,"comment_status":"closed","ping_status":"closed","template":"","meta":[],"_links":{"self":[{"href":"https:\/\/chaskaocupi.com\/fr\/wp-json\/wp\/v2\/pages\/3289"}],"collection":[{"href":"https:\/\/chaskaocupi.com\/fr\/wp-json\/wp\/v2\/pages"}],"about":[{"href":"https:\/\/chaskaocupi.com\/fr\/wp-json\/wp\/v2\/types\/page"}],"author":[{"embeddable":true,"href":"https:\/\/chaskaocupi.com\/fr\/wp-json\/wp\/v2\/users\/159998512"}],"replies":[{"embeddable":true,"href":"https:\/\/chaskaocupi.com\/fr\/wp-json\/wp\/v2\/comments?post=3289"}],"version-history":[{"count":4,"href":"https:\/\/chaskaocupi.com\/fr\/wp-json\/wp\/v2\/pages\/3289\/revisions"}],"predecessor-version":[{"id":3293,"href":"https:\/\/chaskaocupi.com\/fr\/wp-json\/wp\/v2\/pages\/3289\/revisions\/3293"}],"wp:attachment":[{"href":"https:\/\/chaskaocupi.com\/fr\/wp-json\/wp\/v2\/media?parent=3289"}],"curies":[{"name":"wp","href":"https:\/\/api.w.org\/{rel}","templated":true}]}}