{"id":3296,"date":"2020-11-24T15:52:27","date_gmt":"2020-11-24T15:52:27","guid":{"rendered":"http:\/\/chaskaocupi.com\/?page_id=3296"},"modified":"2020-11-24T15:52:27","modified_gmt":"2020-11-24T15:52:27","slug":"moray","status":"publish","type":"page","link":"https:\/\/chaskaocupi.com\/fr\/moray\/","title":{"rendered":"Moray"},"content":{"rendered":"<section  class='av_textblock_section av-kh0ornr5-29a62be38f9ede941f91dec06f1fd848'  itemscope=\"itemscope\" itemtype=\"https:\/\/schema.org\/CreativeWork\" ><div class='avia_textblock'  itemprop=\"text\" ><p><span style=\"font-weight: 400;\">Les vestiges arch\u00e9ologiques de Moray sont situ\u00e9s \u00e0 7 kilom\u00e8tres de la ville de Maras, dans la vall\u00e9e sacr\u00e9e des Incas, \u00e0 38 km au nord-ouest de Cusco. Il est possible de se rendre \u00e0 Moray par une route qui part de la ville. Moray est un mot quechua et d\u00e9signe un secteur occup\u00e9 par les communaut\u00e9s paysannes de Misminay et Kacllaraccay.\u00a0<\/span><\/p>\n<p><span style=\"font-weight: 400;\">Les unit\u00e9s circulaires de Moray sont constitu\u00e9es de terrasses concentriques, dont chaque cercle \/terrasse s\u00b4amplifient progressivement en montant et sont accessibles d\u00b4une \u00e0 l&rsquo;autre gr\u00e2ce \u00e0 des pierres en surplomb (sarunas), encastr\u00e9es dans le mur.<\/span><\/p>\n<p><span style=\"font-weight: 400;\"> Moray \u00e9tait peut-\u00eatre un centre de recherche agricole inca pour des exp\u00e9rimentations de cultures, men\u00e9es \u00e0 diff\u00e9rentes hauteurs, la disposition de ses plates-formes produit naturellement une diversit\u00e9 de microclimats, ayant une temp\u00e9rature plus \u00e9lev\u00e9e au centre des plates-formes circulaires concentriques et diminuant progressivement vers le \u00e0 l&rsquo;ext\u00e9rieur \u00e0 des temp\u00e9ratures plus basses, pouvant ainsi simuler jusqu&rsquo;\u00e0 20 types de microclimats diff\u00e9rents.<\/span><\/p>\n<div class=\"wp-block-image\">\n<figure class=\"aligncenter size-large\"><img decoding=\"async\" loading=\"lazy\" width=\"1920\" height=\"740\" class=\"wp-image-604\" src=\"http:\/\/chaskaocupi.com\/wp-content\/uploads\/2019\/08\/moray-maras.jpg\" alt=\"\" srcset=\"https:\/\/chaskaocupi.com\/wp-content\/uploads\/2019\/08\/moray-maras.jpg 1920w, https:\/\/chaskaocupi.com\/wp-content\/uploads\/2019\/08\/moray-maras-300x116.jpg 300w, https:\/\/chaskaocupi.com\/wp-content\/uploads\/2019\/08\/moray-maras-1030x397.jpg 1030w, https:\/\/chaskaocupi.com\/wp-content\/uploads\/2019\/08\/moray-maras-768x296.jpg 768w, https:\/\/chaskaocupi.com\/wp-content\/uploads\/2019\/08\/moray-maras-1536x592.jpg 1536w, https:\/\/chaskaocupi.com\/wp-content\/uploads\/2019\/08\/moray-maras-1500x578.jpg 1500w, https:\/\/chaskaocupi.com\/wp-content\/uploads\/2019\/08\/moray-maras-705x272.jpg 705w\" sizes=\"(max-width: 1920px) 100vw, 1920px\" \/><\/figure>\n<\/div>\n<p><span style=\"font-weight: 400;\">On pense que Moray a peut-\u00eatre servi de mod\u00e8le pour le calcul de la production agricole non seulement dans la vall\u00e9e sacr\u00e9e des Incas, mais \u00e9galement dans diff\u00e9rentes parties du Tahuantinsuyo.<\/span><\/p>\n<p><span style=\"font-weight: 400;\">Les microclimats des terrasses ou plates-formes du plus grand \u00ab\u00a0entonnoir\u00a0\u00bb, appel\u00e9 Qechuyoq, sont r\u00e9partis en secteurs de quatre niveaux contigus, chaque secteur ayant ses propres caract\u00e9ristiques micro climatiques. <\/span><\/p>\n<p><span style=\"font-weight: 400;\">Les quatre plates-formes inf\u00e9rieures sont plus humides et ont des temp\u00e9ratures faibles niveaux de sol en raison de l&rsquo;\u00e9vapotranspiration plus \u00e9lev\u00e9e de l&rsquo;eau, les sols des plates-formes du secteur II ont des temp\u00e9ratures annuelles moyennes sup\u00e9rieures de 2 \u00b0 ou 3 \u00b0 C et ceux du secteur III ont des temp\u00e9ratures qui peuvent \u00eatre sup\u00e9rieures ou inf\u00e9rieures en fonction de la variation de l&rsquo;exposition au soleil au fil des saisons de l&rsquo;ann\u00e9e. <\/span><\/p>\n<p><span style=\"font-weight: 400;\">Les mois de la plus grande diff\u00e9renciation microclimatique sont ceux du la saison s\u00e8che, comme mai, juin et juillet et la saison des semailles qui commence \u00e0 partir d&rsquo;ao\u00fbt, jusqu\u00b4\u00e0 novembre.\u00a0<\/span><\/p>\n<p><span style=\"font-weight: 400;\">Diverses th\u00e9ories tentent expliquer l&rsquo;utilisation de Moray \u00e0 l&rsquo;\u00e9poque inca. <\/span><span style=\"font-weight: 400;\">Selon l&rsquo;historien Edward Ranney, les Incas ont utilis\u00e9 les terrasses de Moray comme lieu d&rsquo;agriculture sp\u00e9ciale, peut-\u00eatre pour le d\u00e9veloppement de sa culture plus pr\u00e9cieuse que la feuille de coca.\u00a0<\/span><\/p>\n<p><span style=\"font-weight: 400;\">John Earls pr\u00e9tend avoir d\u00e9couvert des pierres verticales sur les terrasses, les m\u00eames qui marqueraient les limites des ombres du coucher de soleil lors des \u00e9quinoxes et des solstices. <\/span><\/p>\n<p><span style=\"font-weight: 400;\">Earls a conclu que chaque terrasse de Moray reproduit les conditions climatiques des diff\u00e9rentes zones \u00e9cologiques de l&#8217;empire Inca, et en raison de sa position abrit\u00e9e, chacune de ces plates-formes repr\u00e9sente environ mille m\u00e8tres d&rsquo;altitude dans des conditions normales de labour, dans son ensemble, le complexe contiendrait une vingtaine de zones \u00e9cologiques \u00e0 \u00ab \u00e9chelle\u00a0\u00bb.<\/span><\/p>\n<div class=\"wp-block-image\">\n<figure class=\"aligncenter size-large\"><img decoding=\"async\" loading=\"lazy\" width=\"1800\" height=\"1013\" class=\"wp-image-605\" src=\"http:\/\/chaskaocupi.com\/wp-content\/uploads\/2019\/08\/banner-acueductos.jpg\" alt=\"\" srcset=\"https:\/\/chaskaocupi.com\/wp-content\/uploads\/2019\/08\/banner-acueductos.jpg 1800w, https:\/\/chaskaocupi.com\/wp-content\/uploads\/2019\/08\/banner-acueductos-300x169.jpg 300w, https:\/\/chaskaocupi.com\/wp-content\/uploads\/2019\/08\/banner-acueductos-1030x580.jpg 1030w, https:\/\/chaskaocupi.com\/wp-content\/uploads\/2019\/08\/banner-acueductos-768x432.jpg 768w, https:\/\/chaskaocupi.com\/wp-content\/uploads\/2019\/08\/banner-acueductos-1536x864.jpg 1536w, https:\/\/chaskaocupi.com\/wp-content\/uploads\/2019\/08\/banner-acueductos-1500x844.jpg 1500w, https:\/\/chaskaocupi.com\/wp-content\/uploads\/2019\/08\/banner-acueductos-705x397.jpg 705w\" sizes=\"(max-width: 1800px) 100vw, 1800px\" \/><\/figure>\n<\/div>\n<\/div><\/section>","protected":false},"excerpt":{"rendered":"","protected":false},"author":159998512,"featured_media":0,"parent":0,"menu_order":0,"comment_status":"closed","ping_status":"closed","template":"","meta":[],"_links":{"self":[{"href":"https:\/\/chaskaocupi.com\/fr\/wp-json\/wp\/v2\/pages\/3296"}],"collection":[{"href":"https:\/\/chaskaocupi.com\/fr\/wp-json\/wp\/v2\/pages"}],"about":[{"href":"https:\/\/chaskaocupi.com\/fr\/wp-json\/wp\/v2\/types\/page"}],"author":[{"embeddable":true,"href":"https:\/\/chaskaocupi.com\/fr\/wp-json\/wp\/v2\/users\/159998512"}],"replies":[{"embeddable":true,"href":"https:\/\/chaskaocupi.com\/fr\/wp-json\/wp\/v2\/comments?post=3296"}],"version-history":[{"count":4,"href":"https:\/\/chaskaocupi.com\/fr\/wp-json\/wp\/v2\/pages\/3296\/revisions"}],"predecessor-version":[{"id":3300,"href":"https:\/\/chaskaocupi.com\/fr\/wp-json\/wp\/v2\/pages\/3296\/revisions\/3300"}],"wp:attachment":[{"href":"https:\/\/chaskaocupi.com\/fr\/wp-json\/wp\/v2\/media?parent=3296"}],"curies":[{"name":"wp","href":"https:\/\/api.w.org\/{rel}","templated":true}]}}