{"id":3302,"date":"2020-11-24T15:56:45","date_gmt":"2020-11-24T15:56:45","guid":{"rendered":"http:\/\/chaskaocupi.com\/?page_id=3302"},"modified":"2020-11-24T15:56:58","modified_gmt":"2020-11-24T15:56:58","slug":"ollantaytambo","status":"publish","type":"page","link":"https:\/\/chaskaocupi.com\/fr\/ollantaytambo\/","title":{"rendered":"Ollantaytambo"},"content":{"rendered":"<section  class='av_textblock_section av-khw45hf7-de503020038aed9ffc8c766bde5eba77'  itemscope=\"itemscope\" itemtype=\"https:\/\/schema.org\/CreativeWork\" ><div class='avia_textblock'  itemprop=\"text\" ><p><span style=\"font-weight: 400;\">Ollantaytambo constituait un centre militaire, agricole et religieux strat\u00e9gique pour administrer et contr\u00f4ler la Vall\u00e9e Sacr\u00e9e des Incas. Ceci est d\u00e9duit des constructions que les arqu\u00e9ologues pr\u00e9sument \u00e9taient destin\u00e9es aux r\u00e9serves agricoles \u00e0 usage militaire, comme les murs et les tours de guet, pour se prot\u00e9ger probablement des ethnies de l\u00b4Amazonie.<\/span> <span style=\"font-weight: 400;\">Il y a 150 marches qui s\u00e9parent la partie haute et la basse, pierres \u00e1 la taille parfaite, d\u00e9di\u00e9es au culte de l&rsquo;eau, avec grande similitude avec celles de Tip\u00f3n, un autre important site situ\u00e9 dans la vall\u00e9e sud de Cusco, un probable centre c\u00e9r\u00e9moniel de purification et de culte \u00e0 l&rsquo;eau.<\/span> <span style=\"font-weight: 400;\">Le site arch\u00e9ologique comprend une s\u00e9rie de terrasses qui se superposent, montrant les impressionnants blocs de pierre finement taill\u00e9s situ\u00e9s sur la terrasse sup\u00e9rieure connue sous le nom de Temple du Soleil.<\/span><\/p>\n<div class=\"wp-block-image\">\n<figure class=\"aligncenter size-large\"><img decoding=\"async\" loading=\"lazy\" width=\"1920\" height=\"955\" class=\"wp-image-593\" src=\"http:\/\/chaskaocupi.com\/wp-content\/uploads\/2019\/08\/ollantaytambo.jpg\" alt=\"\" srcset=\"https:\/\/chaskaocupi.com\/wp-content\/uploads\/2019\/08\/ollantaytambo.jpg 1920w, https:\/\/chaskaocupi.com\/wp-content\/uploads\/2019\/08\/ollantaytambo-300x149.jpg 300w, https:\/\/chaskaocupi.com\/wp-content\/uploads\/2019\/08\/ollantaytambo-1030x512.jpg 1030w, https:\/\/chaskaocupi.com\/wp-content\/uploads\/2019\/08\/ollantaytambo-768x382.jpg 768w, https:\/\/chaskaocupi.com\/wp-content\/uploads\/2019\/08\/ollantaytambo-1536x764.jpg 1536w, https:\/\/chaskaocupi.com\/wp-content\/uploads\/2019\/08\/ollantaytambo-1500x746.jpg 1500w, https:\/\/chaskaocupi.com\/wp-content\/uploads\/2019\/08\/ollantaytambo-705x351.jpg 705w\" sizes=\"(max-width: 1920px) 100vw, 1920px\" \/><\/figure>\n<\/div>\n<p><span style=\"font-weight: 400;\">Les restes incas d&rsquo;Ollantaytambo sont des vestiges de la ville que Pachacutec a ordonn\u00e9 de construire, apr\u00e8s avoir soumis ses habitants et conquis ces terres, dans lesquelles ont \u00e9t\u00e9 r\u00e9alis\u00e9s d&rsquo;imposants travaux d&rsquo;infrastructures agricoles, constitu\u00e9s de centaines de plates-formes et de canaux pour s\u00e9curiser les terres agricoles. Des postes de contr\u00f4le et de surveillance au sommet des collines, des b\u00e2timents domestiques et c\u00e9r\u00e9moniels, ainsi qu&rsquo;un pont reliant la ville au Chemin des Incas et des villes satellites ont \u00e9t\u00e9 construits sur la route du Machu Picchu.\u00a0<\/span> <span style=\"font-weight: 400;\">La Plaza Manyaraqui avec ses fontaines aurait fait partie d&rsquo;un centre pour adorer l&rsquo;eau.<\/span> <span style=\"font-weight: 400;\">La ville d&rsquo;Ollantaytambo est appel\u00e9e \u00ab\u00a0Ville Inca vivante\u00a0\u00bb parce que ses habitants vivent selon les coutumes et traditions h\u00e9rit\u00e9es de leurs anc\u00eatres.<\/span> <span style=\"font-weight: 400;\">Depuis Ollantaytambo, il est possible de visiter la ville de Willoc, o\u00f9 le quechua est encore parl\u00e9, et dont les v\u00eatements rouges et noirs ressemblent \u00e0<\/span> <span style=\"font-weight: 400;\">wayruro, une graine rouge et noire typiquement utilis\u00e9e comme amulette.<\/span> <span style=\"font-weight: 400;\">Ollantaytambo est la seule ville inca encore occup\u00e9e par des familles locales, ayant \u00e9t\u00e9 battie sur le plan et la structure de la ville inca originale dans les quinze blocs qui composent la ville d\u00b4origine.<\/span><\/p>\n<div class=\"wp-block-image\">\n<figure class=\"aligncenter size-large\"><img decoding=\"async\" loading=\"lazy\" width=\"1280\" height=\"640\" class=\"wp-image-591\" src=\"http:\/\/chaskaocupi.com\/wp-content\/uploads\/2019\/08\/ollantaytambo-cusco-1280x640.jpg\" alt=\"\" srcset=\"https:\/\/chaskaocupi.com\/wp-content\/uploads\/2019\/08\/ollantaytambo-cusco-1280x640.jpg 1280w, https:\/\/chaskaocupi.com\/wp-content\/uploads\/2019\/08\/ollantaytambo-cusco-1280x640-300x150.jpg 300w, https:\/\/chaskaocupi.com\/wp-content\/uploads\/2019\/08\/ollantaytambo-cusco-1280x640-1030x515.jpg 1030w, https:\/\/chaskaocupi.com\/wp-content\/uploads\/2019\/08\/ollantaytambo-cusco-1280x640-768x384.jpg 768w, https:\/\/chaskaocupi.com\/wp-content\/uploads\/2019\/08\/ollantaytambo-cusco-1280x640-705x353.jpg 705w\" sizes=\"(max-width: 1280px) 100vw, 1280px\" \/><\/figure>\n<\/div>\n<\/div><\/section>","protected":false},"excerpt":{"rendered":"","protected":false},"author":159998512,"featured_media":0,"parent":0,"menu_order":0,"comment_status":"closed","ping_status":"closed","template":"","meta":[],"_links":{"self":[{"href":"https:\/\/chaskaocupi.com\/fr\/wp-json\/wp\/v2\/pages\/3302"}],"collection":[{"href":"https:\/\/chaskaocupi.com\/fr\/wp-json\/wp\/v2\/pages"}],"about":[{"href":"https:\/\/chaskaocupi.com\/fr\/wp-json\/wp\/v2\/types\/page"}],"author":[{"embeddable":true,"href":"https:\/\/chaskaocupi.com\/fr\/wp-json\/wp\/v2\/users\/159998512"}],"replies":[{"embeddable":true,"href":"https:\/\/chaskaocupi.com\/fr\/wp-json\/wp\/v2\/comments?post=3302"}],"version-history":[{"count":4,"href":"https:\/\/chaskaocupi.com\/fr\/wp-json\/wp\/v2\/pages\/3302\/revisions"}],"predecessor-version":[{"id":3305,"href":"https:\/\/chaskaocupi.com\/fr\/wp-json\/wp\/v2\/pages\/3302\/revisions\/3305"}],"wp:attachment":[{"href":"https:\/\/chaskaocupi.com\/fr\/wp-json\/wp\/v2\/media?parent=3302"}],"curies":[{"name":"wp","href":"https:\/\/api.w.org\/{rel}","templated":true}]}}