{"id":3307,"date":"2020-11-24T15:58:45","date_gmt":"2020-11-24T15:58:45","guid":{"rendered":"http:\/\/chaskaocupi.com\/?page_id=3307"},"modified":"2020-11-24T15:58:45","modified_gmt":"2020-11-24T15:58:45","slug":"pisac","status":"publish","type":"page","link":"https:\/\/chaskaocupi.com\/fr\/pisac\/","title":{"rendered":"Pisac"},"content":{"rendered":"<section  class='av_textblock_section av-khw5ykzt-42cb62b5aceba0dc7bfd618b12df612f'  itemscope=\"itemscope\" itemtype=\"https:\/\/schema.org\/CreativeWork\" ><div class='avia_textblock'  itemprop=\"text\" ><p><span style=\"font-weight: 400;\">Pisac est un complexe arch\u00e9ologique situ\u00e9 dans le district homonyme, dans la province de Calca, situ\u00e9 \u00e0 30 kilom\u00e8tres de la ville de Cusco.<\/span><\/p>\n<p><span style=\"font-weight: 400;\">Le site arch\u00e9ologique est l&rsquo;un des plus importants et des plus visit\u00e9s de la vall\u00e9e sacr\u00e9e des Incas. Il est situ\u00e9 \u00e0 l&rsquo;est de la cha\u00eene de montagnes de Vilcabamba et on peut y voir comment les agronomes incas ont r\u00e9solu le probl\u00e8me des semailles sur les pentes des collines.<\/span><\/p>\n<p><span style=\"font-weight: 400;\">Comme d&rsquo;habitude dans l&rsquo;architecture inca, les villes ont \u00e9t\u00e9 construites sur la base de lignes figuratives d&rsquo;animaux. Dans ce cas, les ruines de Pisac prennent la forme de la perdrix des Andes (Nohoprocta ornata branicti Taczanovski).<\/span><\/p>\n<p><span style=\"font-weight: 400;\">Pisac est divis\u00e9 en deux secteurs: l&rsquo;ancien, situ\u00e9 dans la partie haute de la montagne, qui est un site arch\u00e9ologique inca, et l&rsquo;actuel, petite ville situ\u00e9 dans la vall\u00e9e, datant de l&rsquo;\u00e9poque coloniale.<\/span><\/p>\n<p><span style=\"font-weight: 400;\">Une ville avec beaucoup de tradition, construite sur des vestiges indig\u00e8nes de l&rsquo;\u00e9poque du vice-roi Francisco de Toledo, o\u00f9 vous pouvez percevoir la culture de son peuple, des traditions telles que les messes quechua, les festivals culturels, les sculptures et les sites arch\u00e9ologiques qui font partie de son charme et m\u00eame la mani\u00e8re dont les cultures sont encore accompagn\u00e9es d\u00b4observations astronomiques, science utilis\u00e9e depuis la nuit des temps par ses habitants.<\/span><\/p>\n<div class=\"wp-block-image\">\n<figure class=\"aligncenter size-large\"><img decoding=\"async\" class=\"wp-image-611\" src=\"http:\/\/chaskaocupi.com\/wp-content\/uploads\/2019\/08\/pisac_cusco_peru.jpg\" alt=\"\" \/><\/figure>\n<\/div>\n<p><span style=\"font-weight: 400;\">La place principale est un march\u00e9 color\u00e9 avec la vente de divers objets artisanaux. En plus, cette ville est aussi connue pour son observatoire astronomique.<\/span><\/p>\n<p><span style=\"font-weight: 400;\">C&rsquo;est une attraction touristique pour le site arch\u00e9ologique inca, qui fait partie, avec Ollantaytambo et Machu Picchu, du circuit arch\u00e9ologique de Cusco, ce qui en fait l&rsquo;une des plus grandes sources de revenus de la ville, en plus de l&rsquo;agriculture de subsistance.<\/span><\/p>\n<p><span style=\"font-weight: 400;\">Pisac n&rsquo;\u00e9chappe pas aux c\u00e9l\u00e8bres l\u00e9gendes incas, parmi lesquelles une sur une statue trouv\u00e9e dans la ville: l&rsquo;histoire raconte que le chef Huayllapuma avait une fille, nomm\u00e9e Inquill. Elle a d\u00fb \u00e9pouser l&rsquo;homme qui pouvait construire, en une nuit seulement, un pont sur la rivi\u00e8re Willcamayu, actuellement connue comme \u00abVilcanota\u00bb ou \u00abUrubamba\u00bb.<\/span><\/p>\n<p><span style=\"font-weight: 400;\">Ce pont \u00e9tait de la plus haute importance pour la d\u00e9fense du lieu, et malgr\u00e9 la t\u00e2che difficile, Asto R\u00edmacun, un beau prince, a d\u00e9cid\u00e9 d&rsquo;accepter le d\u00e9fi et de demander la main de la princesse.<\/span><\/p>\n<p><span style=\"font-weight: 400;\">Les autorit\u00e9s locales ont organis\u00e9 tout ce qui \u00e9tait n\u00e9cessaire pour qu&rsquo;Asto R\u00edmac commence les travaux\u00a0: La princesse devait \u00e1 son tour gravir une colline sans tourner; car sinon elle et son fianc\u00e9 se transformeraient en pierre.<\/span><\/p>\n<p><span style=\"font-weight: 400;\">Presque \u00e0 l&rsquo;aube, le prince avait termin\u00e9 le travail, mais Inquill, ne pouvant plus supporter s&rsquo;est retourn\u00e9 et est rest\u00e9 transform\u00e9 en pierre jusqu&rsquo;\u00e0 aujourd&rsquo;hui, devenant connu comme la statue de La \u00d1usta, que l&rsquo;on peut voir encore dans l&rsquo;un des sommets de la localit\u00e9.<\/span><\/p>\n<div class=\"wp-block-image\">\n<figure class=\"aligncenter size-large\"><img decoding=\"async\" loading=\"lazy\" width=\"1920\" height=\"1280\" class=\"wp-image-612\" src=\"http:\/\/chaskaocupi.com\/wp-content\/uploads\/2019\/08\/sacred-valley-pisac11.jpg\" alt=\"\" srcset=\"https:\/\/chaskaocupi.com\/wp-content\/uploads\/2019\/08\/sacred-valley-pisac11.jpg 1920w, https:\/\/chaskaocupi.com\/wp-content\/uploads\/2019\/08\/sacred-valley-pisac11-300x200.jpg 300w, https:\/\/chaskaocupi.com\/wp-content\/uploads\/2019\/08\/sacred-valley-pisac11-1030x687.jpg 1030w, https:\/\/chaskaocupi.com\/wp-content\/uploads\/2019\/08\/sacred-valley-pisac11-768x512.jpg 768w, https:\/\/chaskaocupi.com\/wp-content\/uploads\/2019\/08\/sacred-valley-pisac11-1536x1024.jpg 1536w, https:\/\/chaskaocupi.com\/wp-content\/uploads\/2019\/08\/sacred-valley-pisac11-1500x1000.jpg 1500w, https:\/\/chaskaocupi.com\/wp-content\/uploads\/2019\/08\/sacred-valley-pisac11-705x470.jpg 705w\" sizes=\"(max-width: 1920px) 100vw, 1920px\" \/><\/figure>\n<\/div>\n<\/div><\/section>","protected":false},"excerpt":{"rendered":"","protected":false},"author":159998512,"featured_media":0,"parent":0,"menu_order":0,"comment_status":"closed","ping_status":"closed","template":"","meta":[],"_links":{"self":[{"href":"https:\/\/chaskaocupi.com\/fr\/wp-json\/wp\/v2\/pages\/3307"}],"collection":[{"href":"https:\/\/chaskaocupi.com\/fr\/wp-json\/wp\/v2\/pages"}],"about":[{"href":"https:\/\/chaskaocupi.com\/fr\/wp-json\/wp\/v2\/types\/page"}],"author":[{"embeddable":true,"href":"https:\/\/chaskaocupi.com\/fr\/wp-json\/wp\/v2\/users\/159998512"}],"replies":[{"embeddable":true,"href":"https:\/\/chaskaocupi.com\/fr\/wp-json\/wp\/v2\/comments?post=3307"}],"version-history":[{"count":3,"href":"https:\/\/chaskaocupi.com\/fr\/wp-json\/wp\/v2\/pages\/3307\/revisions"}],"predecessor-version":[{"id":3310,"href":"https:\/\/chaskaocupi.com\/fr\/wp-json\/wp\/v2\/pages\/3307\/revisions\/3310"}],"wp:attachment":[{"href":"https:\/\/chaskaocupi.com\/fr\/wp-json\/wp\/v2\/media?parent=3307"}],"curies":[{"name":"wp","href":"https:\/\/api.w.org\/{rel}","templated":true}]}}